{"id":9317,"date":"2020-08-18T12:31:33","date_gmt":"2020-08-18T12:31:33","guid":{"rendered":"https:\/\/apartments.zeitraum.re\/homepage\/"},"modified":"2024-08-30T17:03:58","modified_gmt":"2024-08-30T17:03:58","slug":"homepage","status":"publish","type":"page","link":"https:\/\/apartments.zeitraum.re\/cs\/","title":{"rendered":"Homepage"},"content":{"rendered":"<h1>Va\u0161e jedine\u010dn\u00e9 m\u00edsto ve m\u011bst\u011b<\/h1>\n<p>A\u0165 u\u017e jste p\u0159ijeli objevit nov\u00e9 m\u011bsto a jeho pam\u00e1tky, nebo jste na pracovn\u00ed cest\u011b za dal\u0161\u00edm \u00fasp\u011bchem, jist\u011b pot\u0159ebujete stylov\u00e9 m\u00edsto, kde se budete c\u00edtit pohodln\u011b a bezpe\u010dn\u011b, zat\u00edmco budete m\u00edt v\u0161e pot\u0159ebn\u00e9 na dosah. P\u0159esn\u011b to za\u017eijete v na\u0161ich pln\u011b vybaven\u00fdch pokoj\u00edch s vlastn\u00ed kuchyn\u00ed a dal\u0161\u00edmi slu\u017ebami. P\u0159esp\u011bte p\u00e1r noc\u00ed nebo z\u016fsta\u0148te p\u00e1r m\u011bs\u00edc\u016f &#8211; my se o v\u00e1s v\u017edy postar\u00e1me.<\/p>\n<p>&nbsp;<\/p>\n","protected":false},"excerpt":{"rendered":"<p>Va\u0161e jedine\u010dn\u00e9 m\u00edsto ve m\u011bst\u011b A\u0165 u\u017e jste p\u0159ijeli objevit nov\u00e9 m\u011bsto a jeho pam\u00e1tky, nebo jste na pracovn\u00ed cest\u011b za dal\u0161\u00edm \u00fasp\u011bchem, jist\u011b pot\u0159ebujete stylov\u00e9 m\u00edsto, kde se budete c\u00edtit pohodln\u011b a bezpe\u010dn\u011b, zat\u00edmco budete m\u00edt v\u0161e pot\u0159ebn\u00e9 na dosah. P\u0159esn\u011b to za\u017eijete v na\u0161ich pln\u011b vybaven\u00fdch pokoj\u00edch s vlastn\u00ed kuchyn\u00ed a dal\u0161\u00edmi slu\u017ebami. &hellip; <a href=\"https:\/\/apartments.zeitraum.re\/cs\/\">Continued<\/a><\/p>\n","protected":false},"author":1,"featured_media":9940,"parent":0,"menu_order":0,"comment_status":"closed","ping_status":"closed","template":"views\/homepage.blade.php","meta":{"inline_featured_image":false},"acf":[],"aioseo_head":"\n\t\t<!-- All in One SEO Pro 4.2.2 -->\r\n\t\t<title>Zeitraum Apartments | Apartm\u00e1ny k pron\u00e1jmu Praha 1<\/title>\n\t\t<meta name=\"description\" content=\"Stylov\u00e9 apartm\u00e1ny k pron\u00e1jmu v centru Prahy a Plzn\u011b. Vhodn\u00e9 pro dovolenou, pracovn\u00ed pobyt i pron\u00e1jem. Kompletn\u00ed vybaven\u00ed, vlastn\u00ed kuchyn\u011b, WIFI, recepce.\" \/>\n\t\t<meta name=\"robots\" content=\"max-image-preview:large\" \/>\n\t\t<link rel=\"canonical\" href=\"https:\/\/apartments.zeitraum.re\/cs\/\" \/>\n\t\t<meta property=\"og:locale\" content=\"cs_CZ\" \/>\n\t\t<meta property=\"og:site_name\" content=\"ZEITRAUM Apartments\" \/>\n\t\t<meta property=\"og:type\" content=\"article\" \/>\n\t\t<meta property=\"og:title\" content=\"Zeitraum Apartments | Apartm\u00e1ny k pron\u00e1jmu Praha 1\" \/>\n\t\t<meta property=\"og:description\" content=\"Stylov\u00e9 apartm\u00e1ny k pron\u00e1jmu v centru Prahy a Plzn\u011b. Vhodn\u00e9 pro dovolenou, pracovn\u00ed pobyt i pron\u00e1jem. Kompletn\u00ed vybaven\u00ed, vlastn\u00ed kuchyn\u011b, WIFI, recepce.\" \/>\n\t\t<meta property=\"og:url\" content=\"https:\/\/apartments.zeitraum.re\/cs\/\" \/>\n\t\t<meta property=\"og:image\" content=\"https:\/\/apartments.zeitraum.re\/wp-content\/uploads\/2021\/05\/505-scaled.jpg\" \/>\n\t\t<meta property=\"og:image:secure_url\" content=\"https:\/\/apartments.zeitraum.re\/wp-content\/uploads\/2021\/05\/505-scaled.jpg\" \/>\n\t\t<meta property=\"og:image:width\" content=\"2560\" \/>\n\t\t<meta property=\"og:image:height\" content=\"1918\" \/>\n\t\t<meta property=\"article:published_time\" content=\"2020-08-18T12:31:33+00:00\" \/>\n\t\t<meta property=\"article:modified_time\" content=\"2024-08-30T17:03:58+00:00\" \/>\n\t\t<meta property=\"article:publisher\" content=\"https:\/\/www.facebook.com\/ZeitraumApartments\" \/>\n\t\t<meta name=\"twitter:card\" content=\"summary_large_image\" \/>\n\t\t<meta name=\"twitter:title\" content=\"Zeitraum Apartments | Va\u0161e jedine\u010dn\u00e9 m\u00edsto ve m\u011bst\u011b\" \/>\n\t\t<meta name=\"twitter:description\" content=\"Stylov\u00e9 apartm\u00e1ny k pron\u00e1jmu v centru Prahy a Plzn\u011b. Vhodn\u00e9 pro dovolenou, pracovn\u00ed pobyt i pron\u00e1jem. Kompletn\u00ed vybaven\u00ed, vlastn\u00ed kuchyn\u011b, WIFI, recepce.\" \/>\n\t\t<meta name=\"twitter:image\" content=\"https:\/\/apartments.zeitraum.re\/wp-content\/uploads\/2021\/04\/apartmetns_logo_color.jpg\" \/>\n\t\t<meta name=\"twitter:label1\" content=\"Written by\" \/>\n\t\t<meta name=\"twitter:data1\" content=\"admin\" \/>\n\t\t<meta name=\"twitter:label2\" content=\"Est. reading time\" \/>\n\t\t<meta name=\"twitter:data2\" content=\"1 minute\" \/>\n\t\t<script type=\"application\/ld+json\" class=\"aioseo-schema\">\n\t\t\t{\"@context\":\"https:\\\/\\\/schema.org\",\"@graph\":[{\"@type\":\"WebSite\",\"@id\":\"https:\\\/\\\/apartments.zeitraum.re\\\/cs\\\/#website\",\"url\":\"https:\\\/\\\/apartments.zeitraum.re\\\/cs\\\/\",\"name\":\"ZEITRAUM Apartments\",\"inLanguage\":\"cs-CZ\",\"publisher\":{\"@id\":\"https:\\\/\\\/apartments.zeitraum.re\\\/cs\\\/#organization\"}},{\"@type\":\"Organization\",\"@id\":\"https:\\\/\\\/apartments.zeitraum.re\\\/cs\\\/#organization\",\"name\":\"ZEITRAUM Apartments\",\"url\":\"https:\\\/\\\/apartments.zeitraum.re\\\/cs\\\/\",\"logo\":{\"@type\":\"ImageObject\",\"@id\":\"https:\\\/\\\/apartments.zeitraum.re\\\/cs\\\/#organizationLogo\",\"url\":\"https:\\\/\\\/apartments.zeitraum.re\\\/wp-content\\\/uploads\\\/2021\\\/04\\\/apartmetns_logo_color.jpg\",\"width\":2416,\"height\":716},\"image\":{\"@id\":\"https:\\\/\\\/apartments.zeitraum.re\\\/cs\\\/#organizationLogo\"},\"sameAs\":[\"https:\\\/\\\/www.facebook.com\\\/ZeitraumApartments\",\"https:\\\/\\\/www.instagram.com\\\/franzbyzeitraum\\\/\"],\"contactPoint\":{\"@type\":\"ContactPoint\",\"telephone\":\"+420603951250\",\"contactType\":\"Customer Support\"}},{\"@type\":\"BreadcrumbList\",\"@id\":\"https:\\\/\\\/apartments.zeitraum.re\\\/cs\\\/#breadcrumblist\",\"itemListElement\":[{\"@type\":\"ListItem\",\"@id\":\"https:\\\/\\\/apartments.zeitraum.re\\\/cs\\\/#listItem\",\"position\":1,\"item\":{\"@type\":\"WebPage\",\"@id\":\"https:\\\/\\\/apartments.zeitraum.re\\\/cs\\\/\",\"name\":\"Home\",\"description\":\"Stylov\\u00e9 apartm\\u00e1ny k pron\\u00e1jmu v centru Prahy a Plzn\\u011b. Vhodn\\u00e9 pro dovolenou, pracovn\\u00ed pobyt i pron\\u00e1jem. Kompletn\\u00ed vybaven\\u00ed, vlastn\\u00ed kuchyn\\u011b, WIFI, recepce.\",\"url\":\"https:\\\/\\\/apartments.zeitraum.re\\\/cs\\\/\"},\"nextItem\":\"https:\\\/\\\/apartments.zeitraum.re\\\/cs\\\/#listItem\"},{\"@type\":\"ListItem\",\"@id\":\"https:\\\/\\\/apartments.zeitraum.re\\\/cs\\\/#listItem\",\"position\":2,\"item\":{\"@type\":\"WebPage\",\"@id\":\"https:\\\/\\\/apartments.zeitraum.re\\\/cs\\\/\",\"name\":\"Homepage\",\"description\":\"Stylov\\u00e9 apartm\\u00e1ny k pron\\u00e1jmu v centru Prahy a Plzn\\u011b. Vhodn\\u00e9 pro dovolenou, pracovn\\u00ed pobyt i pron\\u00e1jem. Kompletn\\u00ed vybaven\\u00ed, vlastn\\u00ed kuchyn\\u011b, WIFI, recepce.\",\"url\":\"https:\\\/\\\/apartments.zeitraum.re\\\/cs\\\/\"},\"previousItem\":\"https:\\\/\\\/apartments.zeitraum.re\\\/cs\\\/#listItem\"}]},{\"@type\":\"WebPage\",\"@id\":\"https:\\\/\\\/apartments.zeitraum.re\\\/cs\\\/#webpage\",\"url\":\"https:\\\/\\\/apartments.zeitraum.re\\\/cs\\\/\",\"name\":\"Zeitraum Apartments | Apartm\\u00e1ny k pron\\u00e1jmu Praha 1\",\"description\":\"Stylov\\u00e9 apartm\\u00e1ny k pron\\u00e1jmu v centru Prahy a Plzn\\u011b. Vhodn\\u00e9 pro dovolenou, pracovn\\u00ed pobyt i pron\\u00e1jem. Kompletn\\u00ed vybaven\\u00ed, vlastn\\u00ed kuchyn\\u011b, WIFI, recepce.\",\"inLanguage\":\"cs-CZ\",\"isPartOf\":{\"@id\":\"https:\\\/\\\/apartments.zeitraum.re\\\/cs\\\/#website\"},\"breadcrumb\":{\"@id\":\"https:\\\/\\\/apartments.zeitraum.re\\\/cs\\\/#breadcrumblist\"},\"image\":{\"@type\":\"ImageObject\",\"@id\":\"https:\\\/\\\/apartments.zeitraum.re\\\/cs\\\/#mainImage\",\"url\":\"https:\\\/\\\/apartments.zeitraum.re\\\/wp-content\\\/uploads\\\/2021\\\/05\\\/505-scaled.jpg\",\"width\":2560,\"height\":1918},\"primaryImageOfPage\":{\"@id\":\"https:\\\/\\\/apartments.zeitraum.re\\\/cs\\\/#mainImage\"},\"datePublished\":\"2020-08-18T12:31:33+00:00\",\"dateModified\":\"2024-08-30T17:03:58+00:00\"}]}\n\t\t<\/script>\n\t\t<!-- All in One SEO Pro -->\n\n","aioseo_head_json":{"title":"Zeitraum Apartments | Apartm\u00e1ny k pron\u00e1jmu Praha 1","description":"Stylov\u00e9 apartm\u00e1ny k pron\u00e1jmu v centru Prahy a Plzn\u011b. Vhodn\u00e9 pro dovolenou, pracovn\u00ed pobyt i pron\u00e1jem. Kompletn\u00ed vybaven\u00ed, vlastn\u00ed kuchyn\u011b, WIFI, recepce.","canonical_url":"https:\/\/apartments.zeitraum.re\/cs\/","robots":"max-image-preview:large","keywords":"","webmasterTools":{"miscellaneous":""},"og:locale":"cs_CZ","og:site_name":"ZEITRAUM Apartments","og:type":"article","og:title":"Zeitraum Apartments | Apartm\u00e1ny k pron\u00e1jmu Praha 1","og:description":"Stylov\u00e9 apartm\u00e1ny k pron\u00e1jmu v centru Prahy a Plzn\u011b. Vhodn\u00e9 pro dovolenou, pracovn\u00ed pobyt i pron\u00e1jem. Kompletn\u00ed vybaven\u00ed, vlastn\u00ed kuchyn\u011b, WIFI, recepce.","og:url":"https:\/\/apartments.zeitraum.re\/cs\/","og:image":"https:\/\/apartments.zeitraum.re\/wp-content\/uploads\/2021\/05\/505-scaled.jpg","og:image:secure_url":"https:\/\/apartments.zeitraum.re\/wp-content\/uploads\/2021\/05\/505-scaled.jpg","og:image:width":"2560","og:image:height":"1918","article:published_time":"2020-08-18T12:31:33+00:00","article:modified_time":"2024-08-30T17:03:58+00:00","article:publisher":"https:\/\/www.facebook.com\/ZeitraumApartments","twitter:card":"summary_large_image","twitter:title":"Zeitraum Apartments | Va\u0161e jedine\u010dn\u00e9 m\u00edsto ve m\u011bst\u011b","twitter:description":"Stylov\u00e9 apartm\u00e1ny k pron\u00e1jmu v centru Prahy a Plzn\u011b. Vhodn\u00e9 pro dovolenou, pracovn\u00ed pobyt i pron\u00e1jem. Kompletn\u00ed vybaven\u00ed, vlastn\u00ed kuchyn\u011b, WIFI, recepce.","twitter:image":"https:\/\/apartments.zeitraum.re\/wp-content\/uploads\/2021\/04\/apartmetns_logo_color.jpg","twitter:label1":"Written by","twitter:data1":"admin","twitter:label2":"Est. reading time","twitter:data2":"1 minute","schema":{"@context":"https:\/\/schema.org","@graph":[{"@type":"WebSite","@id":"https:\/\/apartments.zeitraum.re\/cs\/#website","url":"https:\/\/apartments.zeitraum.re\/cs\/","name":"ZEITRAUM Apartments","inLanguage":"cs-CZ","publisher":{"@id":"https:\/\/apartments.zeitraum.re\/cs\/#organization"}},{"@type":"Organization","@id":"https:\/\/apartments.zeitraum.re\/cs\/#organization","name":"ZEITRAUM Apartments","url":"https:\/\/apartments.zeitraum.re\/cs\/","logo":{"@type":"ImageObject","@id":"https:\/\/apartments.zeitraum.re\/cs\/#organizationLogo","url":"https:\/\/apartments.zeitraum.re\/wp-content\/uploads\/2021\/04\/apartmetns_logo_color.jpg","width":2416,"height":716},"image":{"@id":"https:\/\/apartments.zeitraum.re\/cs\/#organizationLogo"},"sameAs":["https:\/\/www.facebook.com\/ZeitraumApartments","https:\/\/www.instagram.com\/franzbyzeitraum\/"],"contactPoint":{"@type":"ContactPoint","telephone":"+420603951250","contactType":"Customer Support"}},{"@type":"BreadcrumbList","@id":"https:\/\/apartments.zeitraum.re\/cs\/#breadcrumblist","itemListElement":[{"@type":"ListItem","@id":"https:\/\/apartments.zeitraum.re\/cs\/#listItem","position":1,"item":{"@type":"WebPage","@id":"https:\/\/apartments.zeitraum.re\/cs\/","name":"Home","description":"Stylov\u00e9 apartm\u00e1ny k pron\u00e1jmu v centru Prahy a Plzn\u011b. Vhodn\u00e9 pro dovolenou, pracovn\u00ed pobyt i pron\u00e1jem. Kompletn\u00ed vybaven\u00ed, vlastn\u00ed kuchyn\u011b, WIFI, recepce.","url":"https:\/\/apartments.zeitraum.re\/cs\/"},"nextItem":"https:\/\/apartments.zeitraum.re\/cs\/#listItem"},{"@type":"ListItem","@id":"https:\/\/apartments.zeitraum.re\/cs\/#listItem","position":2,"item":{"@type":"WebPage","@id":"https:\/\/apartments.zeitraum.re\/cs\/","name":"Homepage","description":"Stylov\u00e9 apartm\u00e1ny k pron\u00e1jmu v centru Prahy a Plzn\u011b. Vhodn\u00e9 pro dovolenou, pracovn\u00ed pobyt i pron\u00e1jem. Kompletn\u00ed vybaven\u00ed, vlastn\u00ed kuchyn\u011b, WIFI, recepce.","url":"https:\/\/apartments.zeitraum.re\/cs\/"},"previousItem":"https:\/\/apartments.zeitraum.re\/cs\/#listItem"}]},{"@type":"WebPage","@id":"https:\/\/apartments.zeitraum.re\/cs\/#webpage","url":"https:\/\/apartments.zeitraum.re\/cs\/","name":"Zeitraum Apartments | Apartm\u00e1ny k pron\u00e1jmu Praha 1","description":"Stylov\u00e9 apartm\u00e1ny k pron\u00e1jmu v centru Prahy a Plzn\u011b. Vhodn\u00e9 pro dovolenou, pracovn\u00ed pobyt i pron\u00e1jem. Kompletn\u00ed vybaven\u00ed, vlastn\u00ed kuchyn\u011b, WIFI, recepce.","inLanguage":"cs-CZ","isPartOf":{"@id":"https:\/\/apartments.zeitraum.re\/cs\/#website"},"breadcrumb":{"@id":"https:\/\/apartments.zeitraum.re\/cs\/#breadcrumblist"},"image":{"@type":"ImageObject","@id":"https:\/\/apartments.zeitraum.re\/cs\/#mainImage","url":"https:\/\/apartments.zeitraum.re\/wp-content\/uploads\/2021\/05\/505-scaled.jpg","width":2560,"height":1918},"primaryImageOfPage":{"@id":"https:\/\/apartments.zeitraum.re\/cs\/#mainImage"},"datePublished":"2020-08-18T12:31:33+00:00","dateModified":"2024-08-30T17:03:58+00:00"}]}},"aioseo_meta_data":{"post_id":"9317","title":"Zeitraum Apartments #separator_sa Apartm\u00e1ny k pron\u00e1jmu Praha 1","description":"Stylov\u00e9 apartm\u00e1ny k pron\u00e1jmu v centru Prahy a Plzn\u011b. Vhodn\u00e9 pro dovolenou, pracovn\u00ed pobyt i pron\u00e1jem. Kompletn\u00ed vybaven\u00ed, vlastn\u00ed kuchyn\u011b, WIFI, recepce.","keywords":"[]","canonical_url":null,"og_title":null,"og_description":null,"og_object_type":"default","og_image_type":"featured","og_image_url":"https:\/\/apartments.zeitraum.re\/wp-content\/uploads\/2021\/05\/505-scaled.jpg","og_image_width":"2560","og_image_height":"1918","og_image_custom_url":null,"og_image_custom_fields":null,"og_video":"","og_custom_url":null,"og_article_section":null,"og_article_tags":"[]","twitter_use_og":false,"twitter_card":"default","twitter_image_type":"default","twitter_image_url":null,"twitter_image_custom_url":null,"twitter_image_custom_fields":null,"twitter_title":"Zeitraum Apartments #separator_sa Va\u0161e jedine\u010dn\u00e9 m\u00edsto ve m\u011bst\u011b","twitter_description":null,"schema_type":"default","schema_type_options":"{\"article\":{\"articleType\":\"BlogPosting\"},\"course\":{\"name\":\"\",\"description\":\"\",\"provider\":\"\"},\"faq\":{\"pages\":[]},\"product\":{\"reviews\":[]},\"recipe\":{\"ingredients\":[],\"instructions\":[],\"keywords\":[]},\"software\":{\"reviews\":[],\"operatingSystems\":[]},\"webPage\":{\"webPageType\":\"WebPage\"}}","pillar_content":false,"robots_default":true,"robots_noindex":false,"robots_noarchive":false,"robots_nosnippet":false,"robots_nofollow":false,"robots_noimageindex":false,"robots_noodp":false,"robots_notranslate":false,"robots_max_snippet":"-1","robots_max_videopreview":"-1","robots_max_imagepreview":"large","priority":"default","frequency":"default","local_seo":null,"limit_modified_date":false,"created":"2022-06-28 14:08:32","updated":"2024-08-30 17:31:20"},"_links":{"self":[{"href":"https:\/\/apartments.zeitraum.re\/cs\/wp-json\/wp\/v2\/pages\/9317"}],"collection":[{"href":"https:\/\/apartments.zeitraum.re\/cs\/wp-json\/wp\/v2\/pages"}],"about":[{"href":"https:\/\/apartments.zeitraum.re\/cs\/wp-json\/wp\/v2\/types\/page"}],"author":[{"embeddable":true,"href":"https:\/\/apartments.zeitraum.re\/cs\/wp-json\/wp\/v2\/users\/1"}],"replies":[{"embeddable":true,"href":"https:\/\/apartments.zeitraum.re\/cs\/wp-json\/wp\/v2\/comments?post=9317"}],"version-history":[{"count":17,"href":"https:\/\/apartments.zeitraum.re\/cs\/wp-json\/wp\/v2\/pages\/9317\/revisions"}],"predecessor-version":[{"id":11975,"href":"https:\/\/apartments.zeitraum.re\/cs\/wp-json\/wp\/v2\/pages\/9317\/revisions\/11975"}],"wp:featuredmedia":[{"embeddable":true,"href":"https:\/\/apartments.zeitraum.re\/cs\/wp-json\/wp\/v2\/media\/9940"}],"wp:attachment":[{"href":"https:\/\/apartments.zeitraum.re\/cs\/wp-json\/wp\/v2\/media?parent=9317"}],"curies":[{"name":"wp","href":"https:\/\/api.w.org\/{rel}","templated":true}]}}