{"id":9340,"date":"2020-12-16T00:27:30","date_gmt":"2020-12-16T00:27:30","guid":{"rendered":"https:\/\/apartments.zeitraum.re\/?page_id=9340"},"modified":"2026-01-07T14:16:26","modified_gmt":"2026-01-07T14:16:26","slug":"nase-mesta","status":"publish","type":"page","link":"https:\/\/apartments.zeitraum.re\/cs\/nase-mesta\/","title":{"rendered":"Na\u0161e m\u011bsta"},"content":{"rendered":"<h1>V naprost\u00e9m srdci Prahy, Plzn\u011b a Krakova<\/h1>\n<p>Najd\u011bte sv\u016fj p\u0159\u00edjemn\u00fd nov\u00fd druh\u00fd domov b\u011bhem pozn\u00e1v\u00e1n\u00ed nebo pracovn\u00edch cest.<\/p>\n<p>&nbsp;<\/p>\n","protected":false},"excerpt":{"rendered":"<p>V naprost\u00e9m srdci Prahy, Plzn\u011b a Krakova Najd\u011bte sv\u016fj p\u0159\u00edjemn\u00fd nov\u00fd druh\u00fd domov b\u011bhem pozn\u00e1v\u00e1n\u00ed nebo pracovn\u00edch cest. &nbsp;<\/p>\n","protected":false},"author":6,"featured_media":0,"parent":0,"menu_order":1,"comment_status":"closed","ping_status":"closed","template":"views\/locations.blade.php","meta":{"inline_featured_image":false},"acf":[],"aioseo_head":"\n\t\t<!-- All in One SEO Pro 4.2.2 -->\r\n\t\t<title>Zeitraum | Apartm\u00e1ny k pron\u00e1jmu Praha 1 a Plze\u0148 | Na\u0161e m\u011bsta<\/title>\n\t\t<meta name=\"description\" content=\"Stylov\u00e9 apartm\u00e1ny k pron\u00e1jmu v centru Prahy. Vhodn\u00e9 pro dovolenou, pracovn\u00ed pobyt i pron\u00e1jem. Kompletn\u00ed vybaven\u00ed, vlastn\u00ed kuchyn\u011b, WIFI, recepce.\" \/>\n\t\t<meta name=\"robots\" content=\"max-image-preview:large\" \/>\n\t\t<link rel=\"canonical\" href=\"https:\/\/apartments.zeitraum.re\/cs\/nase-mesta\/\" \/>\n\t\t<meta property=\"og:locale\" content=\"cs_CZ\" \/>\n\t\t<meta property=\"og:site_name\" content=\"ZEITRAUM Apartments\" \/>\n\t\t<meta property=\"og:type\" content=\"article\" \/>\n\t\t<meta property=\"og:title\" content=\"Zeitraum | Apartm\u00e1ny k pron\u00e1jmu Praha 1 a Plze\u0148 | Na\u0161e m\u011bsta\" \/>\n\t\t<meta property=\"og:description\" content=\"Stylov\u00e9 apartm\u00e1ny k pron\u00e1jmu v centru Prahy. Vhodn\u00e9 pro dovolenou, pracovn\u00ed pobyt i pron\u00e1jem. Kompletn\u00ed vybaven\u00ed, vlastn\u00ed kuchyn\u011b, WIFI, recepce.\" \/>\n\t\t<meta property=\"og:url\" content=\"https:\/\/apartments.zeitraum.re\/cs\/nase-mesta\/\" \/>\n\t\t<meta property=\"og:image\" content=\"https:\/\/apartments.zeitraum.re\/wp-content\/uploads\/2021\/04\/apartmetns_logo_color.jpg\" \/>\n\t\t<meta property=\"og:image:secure_url\" content=\"https:\/\/apartments.zeitraum.re\/wp-content\/uploads\/2021\/04\/apartmetns_logo_color.jpg\" \/>\n\t\t<meta property=\"og:image:width\" content=\"2416\" \/>\n\t\t<meta property=\"og:image:height\" content=\"716\" \/>\n\t\t<meta property=\"article:published_time\" content=\"2020-12-16T00:27:30+00:00\" \/>\n\t\t<meta property=\"article:modified_time\" content=\"2026-01-07T14:16:26+00:00\" \/>\n\t\t<meta property=\"article:publisher\" content=\"https:\/\/www.facebook.com\/ZeitraumApartments\" \/>\n\t\t<meta name=\"twitter:card\" content=\"summary_large_image\" \/>\n\t\t<meta name=\"twitter:title\" content=\"Zeitraum | Apartm\u00e1ny k pron\u00e1jmu Praha 1 a Plze\u0148 | Na\u0161e m\u011bsta\" \/>\n\t\t<meta name=\"twitter:description\" content=\"Stylov\u00e9 apartm\u00e1ny k pron\u00e1jmu v centru Prahy. Vhodn\u00e9 pro dovolenou, pracovn\u00ed pobyt i pron\u00e1jem. Kompletn\u00ed vybaven\u00ed, vlastn\u00ed kuchyn\u011b, WIFI, recepce.\" \/>\n\t\t<meta name=\"twitter:image\" content=\"https:\/\/apartments.zeitraum.re\/wp-content\/uploads\/2021\/04\/apartmetns_logo_color.jpg\" \/>\n\t\t<meta name=\"twitter:label1\" content=\"Written by\" \/>\n\t\t<meta name=\"twitter:data1\" content=\"tom\" \/>\n\t\t<script type=\"application\/ld+json\" class=\"aioseo-schema\">\n\t\t\t{\"@context\":\"https:\\\/\\\/schema.org\",\"@graph\":[{\"@type\":\"WebSite\",\"@id\":\"https:\\\/\\\/apartments.zeitraum.re\\\/cs\\\/#website\",\"url\":\"https:\\\/\\\/apartments.zeitraum.re\\\/cs\\\/\",\"name\":\"ZEITRAUM Apartments\",\"inLanguage\":\"cs-CZ\",\"publisher\":{\"@id\":\"https:\\\/\\\/apartments.zeitraum.re\\\/cs\\\/#organization\"}},{\"@type\":\"Organization\",\"@id\":\"https:\\\/\\\/apartments.zeitraum.re\\\/cs\\\/#organization\",\"name\":\"ZEITRAUM Apartments\",\"url\":\"https:\\\/\\\/apartments.zeitraum.re\\\/cs\\\/\",\"logo\":{\"@type\":\"ImageObject\",\"@id\":\"https:\\\/\\\/apartments.zeitraum.re\\\/cs\\\/#organizationLogo\",\"url\":\"https:\\\/\\\/apartments.zeitraum.re\\\/wp-content\\\/uploads\\\/2021\\\/04\\\/apartmetns_logo_color.jpg\",\"width\":2416,\"height\":716},\"image\":{\"@id\":\"https:\\\/\\\/apartments.zeitraum.re\\\/cs\\\/#organizationLogo\"},\"sameAs\":[\"https:\\\/\\\/www.facebook.com\\\/ZeitraumApartments\",\"https:\\\/\\\/www.instagram.com\\\/franzbyzeitraum\\\/\"],\"contactPoint\":{\"@type\":\"ContactPoint\",\"telephone\":\"+420603951250\",\"contactType\":\"Customer Support\"}},{\"@type\":\"BreadcrumbList\",\"@id\":\"https:\\\/\\\/apartments.zeitraum.re\\\/cs\\\/nase-mesta\\\/#breadcrumblist\",\"itemListElement\":[{\"@type\":\"ListItem\",\"@id\":\"https:\\\/\\\/apartments.zeitraum.re\\\/cs\\\/#listItem\",\"position\":1,\"item\":{\"@type\":\"WebPage\",\"@id\":\"https:\\\/\\\/apartments.zeitraum.re\\\/cs\\\/\",\"name\":\"Home\",\"description\":\"Stylov\\u00e9 apartm\\u00e1ny k pron\\u00e1jmu v centru Prahy a Plzn\\u011b. Vhodn\\u00e9 pro dovolenou, pracovn\\u00ed pobyt i pron\\u00e1jem. Kompletn\\u00ed vybaven\\u00ed, vlastn\\u00ed kuchyn\\u011b, WIFI, recepce.\",\"url\":\"https:\\\/\\\/apartments.zeitraum.re\\\/cs\\\/\"},\"nextItem\":\"https:\\\/\\\/apartments.zeitraum.re\\\/cs\\\/nase-mesta\\\/#listItem\"},{\"@type\":\"ListItem\",\"@id\":\"https:\\\/\\\/apartments.zeitraum.re\\\/cs\\\/nase-mesta\\\/#listItem\",\"position\":2,\"item\":{\"@type\":\"WebPage\",\"@id\":\"https:\\\/\\\/apartments.zeitraum.re\\\/cs\\\/nase-mesta\\\/\",\"name\":\"Na\\u0161e m\\u011bsta\",\"description\":\"Stylov\\u00e9 apartm\\u00e1ny k pron\\u00e1jmu v centru Prahy. Vhodn\\u00e9 pro dovolenou, pracovn\\u00ed pobyt i pron\\u00e1jem. Kompletn\\u00ed vybaven\\u00ed, vlastn\\u00ed kuchyn\\u011b, WIFI, recepce.\",\"url\":\"https:\\\/\\\/apartments.zeitraum.re\\\/cs\\\/nase-mesta\\\/\"},\"previousItem\":\"https:\\\/\\\/apartments.zeitraum.re\\\/cs\\\/#listItem\"}]},{\"@type\":\"WebPage\",\"@id\":\"https:\\\/\\\/apartments.zeitraum.re\\\/cs\\\/nase-mesta\\\/#webpage\",\"url\":\"https:\\\/\\\/apartments.zeitraum.re\\\/cs\\\/nase-mesta\\\/\",\"name\":\"Zeitraum | Apartm\\u00e1ny k pron\\u00e1jmu Praha 1 a Plze\\u0148 | Na\\u0161e m\\u011bsta\",\"description\":\"Stylov\\u00e9 apartm\\u00e1ny k pron\\u00e1jmu v centru Prahy. Vhodn\\u00e9 pro dovolenou, pracovn\\u00ed pobyt i pron\\u00e1jem. Kompletn\\u00ed vybaven\\u00ed, vlastn\\u00ed kuchyn\\u011b, WIFI, recepce.\",\"inLanguage\":\"cs-CZ\",\"isPartOf\":{\"@id\":\"https:\\\/\\\/apartments.zeitraum.re\\\/cs\\\/#website\"},\"breadcrumb\":{\"@id\":\"https:\\\/\\\/apartments.zeitraum.re\\\/cs\\\/nase-mesta\\\/#breadcrumblist\"},\"datePublished\":\"2020-12-16T00:27:30+00:00\",\"dateModified\":\"2026-01-07T14:16:26+00:00\"}]}\n\t\t<\/script>\n\t\t<!-- All in One SEO Pro -->\n\n","aioseo_head_json":{"title":"Zeitraum | Apartm\u00e1ny k pron\u00e1jmu Praha 1 a Plze\u0148 | Na\u0161e m\u011bsta","description":"Stylov\u00e9 apartm\u00e1ny k pron\u00e1jmu v centru Prahy. Vhodn\u00e9 pro dovolenou, pracovn\u00ed pobyt i pron\u00e1jem. Kompletn\u00ed vybaven\u00ed, vlastn\u00ed kuchyn\u011b, WIFI, recepce.","canonical_url":"https:\/\/apartments.zeitraum.re\/cs\/nase-mesta\/","robots":"max-image-preview:large","keywords":"","webmasterTools":{"miscellaneous":""},"og:locale":"cs_CZ","og:site_name":"ZEITRAUM Apartments","og:type":"article","og:title":"Zeitraum | Apartm\u00e1ny k pron\u00e1jmu Praha 1 a Plze\u0148 | Na\u0161e m\u011bsta","og:description":"Stylov\u00e9 apartm\u00e1ny k pron\u00e1jmu v centru Prahy. Vhodn\u00e9 pro dovolenou, pracovn\u00ed pobyt i pron\u00e1jem. Kompletn\u00ed vybaven\u00ed, vlastn\u00ed kuchyn\u011b, WIFI, recepce.","og:url":"https:\/\/apartments.zeitraum.re\/cs\/nase-mesta\/","og:image":"https:\/\/apartments.zeitraum.re\/wp-content\/uploads\/2021\/04\/apartmetns_logo_color.jpg","og:image:secure_url":"https:\/\/apartments.zeitraum.re\/wp-content\/uploads\/2021\/04\/apartmetns_logo_color.jpg","og:image:width":"2416","og:image:height":"716","article:published_time":"2020-12-16T00:27:30+00:00","article:modified_time":"2026-01-07T14:16:26+00:00","article:publisher":"https:\/\/www.facebook.com\/ZeitraumApartments","twitter:card":"summary_large_image","twitter:title":"Zeitraum | Apartm\u00e1ny k pron\u00e1jmu Praha 1 a Plze\u0148 | Na\u0161e m\u011bsta","twitter:description":"Stylov\u00e9 apartm\u00e1ny k pron\u00e1jmu v centru Prahy. Vhodn\u00e9 pro dovolenou, pracovn\u00ed pobyt i pron\u00e1jem. Kompletn\u00ed vybaven\u00ed, vlastn\u00ed kuchyn\u011b, WIFI, recepce.","twitter:image":"https:\/\/apartments.zeitraum.re\/wp-content\/uploads\/2021\/04\/apartmetns_logo_color.jpg","twitter:label1":"Written by","twitter:data1":"tom","schema":{"@context":"https:\/\/schema.org","@graph":[{"@type":"WebSite","@id":"https:\/\/apartments.zeitraum.re\/cs\/#website","url":"https:\/\/apartments.zeitraum.re\/cs\/","name":"ZEITRAUM Apartments","inLanguage":"cs-CZ","publisher":{"@id":"https:\/\/apartments.zeitraum.re\/cs\/#organization"}},{"@type":"Organization","@id":"https:\/\/apartments.zeitraum.re\/cs\/#organization","name":"ZEITRAUM Apartments","url":"https:\/\/apartments.zeitraum.re\/cs\/","logo":{"@type":"ImageObject","@id":"https:\/\/apartments.zeitraum.re\/cs\/#organizationLogo","url":"https:\/\/apartments.zeitraum.re\/wp-content\/uploads\/2021\/04\/apartmetns_logo_color.jpg","width":2416,"height":716},"image":{"@id":"https:\/\/apartments.zeitraum.re\/cs\/#organizationLogo"},"sameAs":["https:\/\/www.facebook.com\/ZeitraumApartments","https:\/\/www.instagram.com\/franzbyzeitraum\/"],"contactPoint":{"@type":"ContactPoint","telephone":"+420603951250","contactType":"Customer Support"}},{"@type":"BreadcrumbList","@id":"https:\/\/apartments.zeitraum.re\/cs\/nase-mesta\/#breadcrumblist","itemListElement":[{"@type":"ListItem","@id":"https:\/\/apartments.zeitraum.re\/cs\/#listItem","position":1,"item":{"@type":"WebPage","@id":"https:\/\/apartments.zeitraum.re\/cs\/","name":"Home","description":"Stylov\u00e9 apartm\u00e1ny k pron\u00e1jmu v centru Prahy a Plzn\u011b. Vhodn\u00e9 pro dovolenou, pracovn\u00ed pobyt i pron\u00e1jem. Kompletn\u00ed vybaven\u00ed, vlastn\u00ed kuchyn\u011b, WIFI, recepce.","url":"https:\/\/apartments.zeitraum.re\/cs\/"},"nextItem":"https:\/\/apartments.zeitraum.re\/cs\/nase-mesta\/#listItem"},{"@type":"ListItem","@id":"https:\/\/apartments.zeitraum.re\/cs\/nase-mesta\/#listItem","position":2,"item":{"@type":"WebPage","@id":"https:\/\/apartments.zeitraum.re\/cs\/nase-mesta\/","name":"Na\u0161e m\u011bsta","description":"Stylov\u00e9 apartm\u00e1ny k pron\u00e1jmu v centru Prahy. Vhodn\u00e9 pro dovolenou, pracovn\u00ed pobyt i pron\u00e1jem. Kompletn\u00ed vybaven\u00ed, vlastn\u00ed kuchyn\u011b, WIFI, recepce.","url":"https:\/\/apartments.zeitraum.re\/cs\/nase-mesta\/"},"previousItem":"https:\/\/apartments.zeitraum.re\/cs\/#listItem"}]},{"@type":"WebPage","@id":"https:\/\/apartments.zeitraum.re\/cs\/nase-mesta\/#webpage","url":"https:\/\/apartments.zeitraum.re\/cs\/nase-mesta\/","name":"Zeitraum | Apartm\u00e1ny k pron\u00e1jmu Praha 1 a Plze\u0148 | Na\u0161e m\u011bsta","description":"Stylov\u00e9 apartm\u00e1ny k pron\u00e1jmu v centru Prahy. Vhodn\u00e9 pro dovolenou, pracovn\u00ed pobyt i pron\u00e1jem. Kompletn\u00ed vybaven\u00ed, vlastn\u00ed kuchyn\u011b, WIFI, recepce.","inLanguage":"cs-CZ","isPartOf":{"@id":"https:\/\/apartments.zeitraum.re\/cs\/#website"},"breadcrumb":{"@id":"https:\/\/apartments.zeitraum.re\/cs\/nase-mesta\/#breadcrumblist"},"datePublished":"2020-12-16T00:27:30+00:00","dateModified":"2026-01-07T14:16:26+00:00"}]}},"aioseo_meta_data":{"post_id":"9340","title":"Zeitraum #separator_sa Apartm\u00e1ny k pron\u00e1jmu Praha 1 a Plze\u0148 #separator_sa #post_title","description":"Stylov\u00e9 apartm\u00e1ny k pron\u00e1jmu v centru Prahy. Vhodn\u00e9 pro dovolenou, pracovn\u00ed pobyt i pron\u00e1jem. Kompletn\u00ed vybaven\u00ed, vlastn\u00ed kuchyn\u011b, WIFI, recepce.","keywords":"[]","canonical_url":null,"og_title":null,"og_description":null,"og_object_type":"default","og_image_type":"content","og_image_url":"https:\/\/apartments.zeitraum.re\/wp-content\/uploads\/2021\/04\/apartmetns_logo_color.jpg","og_image_width":"2416","og_image_height":"716","og_image_custom_url":null,"og_image_custom_fields":null,"og_video":"","og_custom_url":null,"og_article_section":null,"og_article_tags":"[]","twitter_use_og":true,"twitter_card":"default","twitter_image_type":"default","twitter_image_url":null,"twitter_image_custom_url":null,"twitter_image_custom_fields":null,"twitter_title":null,"twitter_description":null,"schema_type":"default","schema_type_options":"{\"article\":{\"articleType\":\"BlogPosting\"},\"course\":{\"name\":\"\",\"description\":\"\",\"provider\":\"\"},\"faq\":{\"pages\":[]},\"product\":{\"reviews\":[]},\"recipe\":{\"ingredients\":[],\"instructions\":[],\"keywords\":[]},\"software\":{\"reviews\":[],\"operatingSystems\":[]},\"webPage\":{\"webPageType\":\"WebPage\"}}","pillar_content":false,"robots_default":true,"robots_noindex":false,"robots_noarchive":false,"robots_nosnippet":false,"robots_nofollow":false,"robots_noimageindex":false,"robots_noodp":false,"robots_notranslate":false,"robots_max_snippet":"-1","robots_max_videopreview":"-1","robots_max_imagepreview":"large","priority":"default","frequency":"default","local_seo":null,"limit_modified_date":false,"created":"2022-06-28 14:12:26","updated":"2026-01-07 14:30:38"},"_links":{"self":[{"href":"https:\/\/apartments.zeitraum.re\/cs\/wp-json\/wp\/v2\/pages\/9340"}],"collection":[{"href":"https:\/\/apartments.zeitraum.re\/cs\/wp-json\/wp\/v2\/pages"}],"about":[{"href":"https:\/\/apartments.zeitraum.re\/cs\/wp-json\/wp\/v2\/types\/page"}],"author":[{"embeddable":true,"href":"https:\/\/apartments.zeitraum.re\/cs\/wp-json\/wp\/v2\/users\/6"}],"replies":[{"embeddable":true,"href":"https:\/\/apartments.zeitraum.re\/cs\/wp-json\/wp\/v2\/comments?post=9340"}],"version-history":[{"count":4,"href":"https:\/\/apartments.zeitraum.re\/cs\/wp-json\/wp\/v2\/pages\/9340\/revisions"}],"predecessor-version":[{"id":20885,"href":"https:\/\/apartments.zeitraum.re\/cs\/wp-json\/wp\/v2\/pages\/9340\/revisions\/20885"}],"wp:attachment":[{"href":"https:\/\/apartments.zeitraum.re\/cs\/wp-json\/wp\/v2\/media?parent=9340"}],"curies":[{"name":"wp","href":"https:\/\/api.w.org\/{rel}","templated":true}]}}