{"id":9428,"date":"2021-01-08T00:24:07","date_gmt":"2021-01-08T00:24:07","guid":{"rendered":"https:\/\/apartments.zeitraum.re\/?page_id=9428"},"modified":"2022-07-06T11:43:02","modified_gmt":"2022-07-06T11:43:02","slug":"domovni-rad","status":"publish","type":"page","link":"https:\/\/apartments.zeitraum.re\/cs\/domovni-rad\/","title":{"rendered":"Domovn\u00ed \u0159\u00e1d"},"content":{"rendered":"<p>1.<\/p>\n<p>Ka\u017ed\u00e1 osoba nach\u00e1zej\u00edc\u00ed se v ubytovac\u00edm za\u0159\u00edzen\u00ed je povinna sezn\u00e1mit se s t\u00edmto \u0159\u00e1dem a dodr\u017eovat jej.<\/p>\n<p>&nbsp;<\/p>\n<p>Every person in the accommodation facility is obliged to get acquainted with these rules and to observe them.<\/p>\n<p>&nbsp;<\/p>\n<p>2.<br \/>\nV prostor\u00e1ch ubytovac\u00edho za\u0159\u00edzen\u00ed se mohou vyskytovat pouze osoby u\u017e\u00edvaj\u00edc\u00ed ubytovac\u00ed za\u0159\u00edzen\u00ed na z\u00e1klad\u011b platn\u00e9 smlouvy nebo n\u00e1v\u0161t\u011bvy t\u011bchto osob nahl\u00e1\u0161en\u00e9 na recepci.<\/p>\n<p>&nbsp;<\/p>\n<p>Only persons using the accommodation facility under a valid contract or a visit of these persons reported at reception may be present on the premises of the accommodation facility.<\/p>\n<p>&nbsp;<\/p>\n<p>3.<br \/>\nP\u0159\u00edpadn\u00e1 ztr\u00e1ta vstupn\u00ed karty mus\u00ed b\u00fdt neprodlen\u011b ozn\u00e1mena recepci ubytovac\u00edho za\u0159\u00edzen\u00ed. Zablokov\u00e1n\u00ed p\u016fvodn\u00ed a vystaven\u00ed nov\u00e9 karty je zpoplatn\u011bno \u010d\u00e1stkou 300,- K\u010d.<\/p>\n<p>&nbsp;<\/p>\n<p>Any loss of the entrance card must be reported at the reception immediately. Blocking the original and issuing a new card is charged at CZK 300.<\/p>\n<p>&nbsp;<\/p>\n<p>4.<br \/>\nPobyt mal\u00fdch dom\u00e1c\u00edch zv\u00ed\u0159at v ubytovac\u00edm za\u0159\u00edzen\u00ed je povolen. Zv\u00ed\u0159ata mus\u00ed b\u00fdt nahl\u00e1\u0161ena p\u0159edem a jejich pobyt je zpoplatn\u011bn. Zv\u00ed\u0159ata mus\u00ed b\u00fdt zvladateln\u00e1 a nesm\u00ed b\u00fdt agresivn\u00ed zejm\u00e9na v\u016f\u010di ostatn\u00edm lidem. Zv\u00ed\u0159ata mus\u00ed m\u00edt platn\u00e9 o\u010dkov\u00e1n\u00ed v dob\u011b pobytu. Zv\u00ed\u0159ata nesm\u00ed b\u00fdt v dob\u011b n\u00e1stupu pobytu napadena infek\u010dn\u00edm onemocn\u011bn\u00edm ani parazity vnit\u0159n\u00edmi \u010di vn\u011bj\u0161\u00edmi-kl\u00ed\u0161\u0165ata, blechy\u2026 Vlastn\u00edk zv\u00ed\u0159ete pln\u011b odpov\u00edd\u00e1 za zachov\u00e1n\u00ed \u010distoty uvnit\u0159 i okolo objektu. V p\u0159\u00edpad\u011b \u0161kody \u010di zne\u010di\u0161t\u011bn\u00ed zp\u016fsoben\u00e9 zv\u00ed\u0159etem je vlastn\u00edk povinen uhradit n\u00e1klady za \u00faklid a \u0161kody dle cen\u00edku (k dispozici na recepci).<\/p>\n<p>&nbsp;<\/p>\n<p>The stay of small pets in the accommodation facility is allowed. Pets must be notified in advance and there is a charge for their stay. Animals must be manageable and not aggressive, especially towards other people. Animals must have a valid vaccination at the time of stay. Animals must not be infected with infectious diseases or internal\/external parasites like ticks, fleas\u2026 The owner of the animal is fully responsible for maintaining cleanliness inside and around the building. In case of damage or pollution caused by the animal, the owner is obliged to pay the costs of cleaning and damage according to the price list (available at the reception).<\/p>\n<p>&nbsp;<\/p>\n<p>5.<br \/>\nV cel\u00e9m ubytovac\u00edm za\u0159\u00edzen\u00ed je pod pokutou 5 000,- K\u010d kou\u0159en\u00ed p\u0159\u00edsn\u011b zak\u00e1z\u00e1no. V p\u0159\u00edpad\u011b spu\u0161t\u011bn\u00ed po\u017e\u00e1rn\u00edch \u010didel z d\u016fvodu cigaretov\u00e9ho kou\u0159e a t\u00edm zp\u016fsoben\u00ed plan\u00e9ho po\u017e\u00e1rn\u00edho poplachu, je osoba, kter\u00e1 z\u00e1kaz poru\u0161ila, povinna uhradit v\u00fdjezd vozidel HZS v pln\u00e9 v\u00fd\u0161i.<\/p>\n<p>&nbsp;<\/p>\n<p>Smoking is strictly prohibited in the entire accommodation facility under a fine of CZK 5,000. If fire sensors are triggered due to cigarette smoke and thus causing a false fire alarm, the person who violated the ban is obliged to pay for the departure of HZS vehicles in full.<\/p>\n<p>&nbsp;<\/p>\n<p>6.<br \/>\nDomovn\u00ed odpad mus\u00ed b\u00fdt ukl\u00e1d\u00e1n v\u00fdhradn\u011b do n\u00e1dob k tomuto \u00fa\u010delu ur\u010den\u00fdch. To se t\u00fdk\u00e1 i t\u0159\u00edd\u011bn\u00ed odpadu: pap\u00edr, plasty, sklo a sm\u011bsn\u00fd odpad.<\/p>\n<p>&nbsp;<\/p>\n<p>Household waste must be stored exclusively in containers designated for that purpose. This also applies to the sorting of waste: paper, plastics, glass waste and mixed waste.<\/p>\n<p>&nbsp;<\/p>\n<p>7.<br \/>\nOsoby nach\u00e1zej\u00edc\u00ed se v ubytovac\u00edm za\u0159\u00edzen\u00ed jsou povinny dodr\u017eovat po\u0159\u00e1dek a \u010distotu v ubytovac\u00edm za\u0159\u00edzen\u00ed i jeho okol\u00ed a zachov\u00e1vat no\u010dn\u00ed klid v dob\u011b od 22:00 do 6:00 hodin.<\/p>\n<p>&nbsp;<\/p>\n<p>People located in the accommodation facility are obliged to maintain their accommodation and its surroundings clean and tidy and to observe the quiet hours between 10 PM and 6 AM.<\/p>\n<p>&nbsp;<\/p>\n<p>8.<br \/>\nV ubytovac\u00edm za\u0159\u00edzen\u00ed je zak\u00e1z\u00e1no prov\u00e1d\u011bt jak\u00e9koliv stavebn\u00ed \u00fapravy \u010di jin\u00e9 zm\u011bny.<\/p>\n<p>&nbsp;<\/p>\n<p>It is forbidden to make any building modifications or other changes in the accommodation facility.<\/p>\n<p>&nbsp;<\/p>\n<p>9.<br \/>\nJak\u00e1koliv pot\u0159eba oprav mus\u00ed b\u00fdt provozovateli ubytovac\u00edho za\u0159\u00edzen\u00ed ozn\u00e1mena bez zbyte\u010dn\u00e9ho odkladu (nejpozd\u011bji do 48 hodin). Uveden\u00e9 opravy budou provedeny bez zbyte\u010dn\u00e9ho odkladu, je-li to mo\u017en\u00e9 vzhledem k jejich charakteru.<\/p>\n<p>&nbsp;<\/p>\n<p>Any need for repairs must be notified to the accommodation facility operator without undue delay (within 48 hours at the latest). These repairs will be carried out without undue delay, if possible due to their nature.<\/p>\n<p>&nbsp;<\/p>\n<p>10.<br \/>\nZa \u0161kody na majetku nach\u00e1zej\u00edc\u00edm se v prostor\u00e1ch ubytovac\u00edho za\u0159\u00edzen\u00ed, p\u0159\u00edpadn\u011b za odcizen\u00ed v\u011bc\u00ed ponechan\u00fdch ve voln\u011b p\u0159\u00edstupn\u00fdch \u010d\u00e1stech ubytovac\u00edho za\u0159\u00edzen\u00ed, nenese provozovatel ubytovac\u00edho za\u0159\u00edzen\u00ed \u017e\u00e1dnou odpov\u011bdnost.<\/p>\n<p>&nbsp;<\/p>\n<p>The accommodation facility operator shall not be liable for damages to property located in the accommodation facility premises or for theft of items left in accommodation facility\u2019s freely accessible parts.<\/p>\n<p>&nbsp;<\/p>\n<p>11.<br \/>\nDle obecn\u011b z\u00e1vazn\u00fdch pr\u00e1vn\u00edch p\u0159edpis\u016f za \u0161kody zp\u016fsoben\u00e9 na ubytovac\u00edm za\u0159\u00edzen\u00ed jako\u017e i jeho vybaven\u00ed nedodr\u017een\u00edm v\u00fd\u0161e uveden\u00fdch pokyn\u016f, vlastn\u00ed nedbalost\u00ed, nebo \u00famyslem odpov\u00eddaj\u00ed osoby u\u017e\u00edvaj\u00edc\u00ed ubytovac\u00ed za\u0159\u00edzen\u00ed na z\u00e1klad\u011b platn\u00e9 smlouvy. V p\u0159\u00edpad\u011b ztr\u00e1ty nebo zni\u010den\u00ed majetku v u\u017e\u00edv\u00e1n\u00ed je ubytovan\u00e1 osoba povinna uhradit pokutu ve v\u00fd\u0161i stanoven\u00e9 cen\u00edkem \u0161kod, kter\u00fd je k dispozici na recepci.<\/p>\n<p>&nbsp;<\/p>\n<p>According to generally binding legal regulations, persons using the accommodation facility under a valid contract are liable for damages caused to the accommodation facility as well as its equipment due to non-compliance with the above instructions, negligence or intent. In case of loss or damage of equipment in use, the accommodated person is obliged to pay a fine in the amount specified in the price list of damages, which is available at the reception.<\/p>\n<p>&nbsp;<\/p>\n<p>12.<br \/>\nKa\u017ed\u00e1 osoba nach\u00e1zej\u00edc\u00ed v ubytovac\u00ed za\u0159\u00edzen\u00ed je povinna \u0159\u00eddit se po\u017e\u00e1rn\u00edm \u0159\u00e1dem, sezn\u00e1mit se s poplachov\u00fdmi sm\u011brnicemi, p\u0159\u00edpadn\u011b dal\u0161\u00ed zve\u0159ejn\u011bnou dokumentac\u00ed a \u0159\u00eddit se p\u0159\u00edkazy k zaji\u0161t\u011bn\u00ed po\u017e\u00e1rn\u00ed ochrany.<\/p>\n<p>&nbsp;<\/p>\n<p>Every person located in the accommodation facility is obliged to follow the fire regulations, get acquainted with the alarm directives, or any other published documentation and follow the orders to ensure fire protection.<\/p>\n<p>&nbsp;<\/p>\n<p>13.<br \/>\nV\u0161echny \u017e\u00e1dosti, p\u0159ipom\u00ednky a st\u00ed\u017enosti t\u00fdkaj\u00edc\u00ed se u\u017e\u00edv\u00e1n\u00ed ubytovac\u00edho za\u0159\u00edzen\u00ed p\u0159ed\u00e1vejte jeho provozovateli.<\/p>\n<p>&nbsp;<\/p>\n<p>Any requests, comments, or complaints regarding the use of the accommodation facility shall be forwarded to its operator.<\/p>\n<p>&nbsp;<\/p>\n<p>14.<br \/>\nOsoby u\u017e\u00edvaj\u00edc\u00ed ubytovac\u00ed za\u0159\u00edzen\u00ed pro dlouhodob\u00fd pobyt (30 a v\u00edce dn\u016f) jsou povinny v den odjezdu ozn\u00e1mit p\u0159edem \u010das odjezdu tak, aby mohla v p\u0159edstihu prob\u011bhnout kontrola pokoje a p\u0159evzet\u00ed prop\u016fj\u010den\u00e9ho vybaven\u00ed. Vstupn\u00ed karta mus\u00ed b\u00fdt odevzd\u00e1na na recepci p\u0159i odjezdu nejpozd\u011bji do 11 hodin.<\/p>\n<p>&nbsp;<\/p>\n<p>Persons using accommodation facility for long-term stay (30 days and more) are obliged to announce their time of departure on the day of departure in advance for the room to be inspected and the equipment taken over. The entrance card must be handed in at reception no later than at 11 am on the day of departure.<\/p>\n<p>&nbsp;<\/p>\n<p>15.<br \/>\nTento domovn\u00ed \u0159\u00e1d nab\u00fdv\u00e1 \u00fa\u010dinnosti dnem 1.4.2021.<\/p>\n<p>&nbsp;<\/p>\n<p>These House Rules shall enter into force on 1.4.2021.<\/p>\n<p>&nbsp;<\/p>\n<p>&nbsp;<\/p>\n","protected":false},"excerpt":{"rendered":"<p>1. Ka\u017ed\u00e1 osoba nach\u00e1zej\u00edc\u00ed se v ubytovac\u00edm za\u0159\u00edzen\u00ed je povinna sezn\u00e1mit se s t\u00edmto \u0159\u00e1dem a dodr\u017eovat jej. &nbsp; Every person in the accommodation facility is obliged to get acquainted with these rules and to observe them. &nbsp; 2. V prostor\u00e1ch ubytovac\u00edho za\u0159\u00edzen\u00ed se mohou vyskytovat pouze osoby u\u017e\u00edvaj\u00edc\u00ed ubytovac\u00ed za\u0159\u00edzen\u00ed na z\u00e1klad\u011b platn\u00e9 smlouvy &hellip; <a href=\"https:\/\/apartments.zeitraum.re\/cs\/domovni-rad\/\">Continued<\/a><\/p>\n","protected":false},"author":6,"featured_media":0,"parent":0,"menu_order":99,"comment_status":"closed","ping_status":"closed","template":"","meta":{"inline_featured_image":false},"acf":[],"aioseo_head":"\n\t\t<!-- All in One SEO Pro 4.2.2 -->\r\n\t\t<title>Zeitraum | Apartm\u00e1ny k pron\u00e1jmu Praha 1 | Domovn\u00ed \u0159\u00e1d<\/title>\n\t\t<meta name=\"description\" content=\"Stylov\u00e9 apartm\u00e1ny k pron\u00e1jmu v centru Prahy. Vhodn\u00e9 pro dovolenou, pracovn\u00ed pobyt i pron\u00e1jem. Kompletn\u00ed vybaven\u00ed, vlastn\u00ed kuchyn\u011b, WIFI, recepce.\" \/>\n\t\t<meta name=\"robots\" content=\"max-image-preview:large\" \/>\n\t\t<link rel=\"canonical\" href=\"https:\/\/apartments.zeitraum.re\/cs\/domovni-rad\/\" \/>\n\t\t<meta property=\"og:locale\" content=\"cs_CZ\" \/>\n\t\t<meta property=\"og:site_name\" content=\"ZEITRAUM Apartments\" \/>\n\t\t<meta property=\"og:type\" content=\"article\" \/>\n\t\t<meta property=\"og:title\" content=\"Zeitraum | Apartm\u00e1ny k pron\u00e1jmu Praha 1 | Domovn\u00ed \u0159\u00e1d\" \/>\n\t\t<meta property=\"og:description\" content=\"Stylov\u00e9 apartm\u00e1ny k pron\u00e1jmu v centru Prahy. Vhodn\u00e9 pro dovolenou, pracovn\u00ed pobyt i pron\u00e1jem. Kompletn\u00ed vybaven\u00ed, vlastn\u00ed kuchyn\u011b, WIFI, recepce.\" \/>\n\t\t<meta property=\"og:url\" content=\"https:\/\/apartments.zeitraum.re\/cs\/domovni-rad\/\" \/>\n\t\t<meta property=\"og:image\" content=\"https:\/\/apartments.zeitraum.re\/wp-content\/uploads\/2021\/04\/apartmetns_logo_color.jpg\" \/>\n\t\t<meta property=\"og:image:secure_url\" content=\"https:\/\/apartments.zeitraum.re\/wp-content\/uploads\/2021\/04\/apartmetns_logo_color.jpg\" \/>\n\t\t<meta property=\"og:image:width\" content=\"2416\" \/>\n\t\t<meta property=\"og:image:height\" content=\"716\" \/>\n\t\t<meta property=\"article:published_time\" content=\"2021-01-08T00:24:07+00:00\" \/>\n\t\t<meta property=\"article:modified_time\" content=\"2022-07-06T11:43:02+00:00\" \/>\n\t\t<meta property=\"article:publisher\" content=\"https:\/\/www.facebook.com\/ZeitraumApartments\" \/>\n\t\t<meta name=\"twitter:card\" content=\"summary_large_image\" \/>\n\t\t<meta name=\"twitter:title\" content=\"Zeitraum | Apartm\u00e1ny k pron\u00e1jmu Praha 1 | Domovn\u00ed \u0159\u00e1d\" \/>\n\t\t<meta name=\"twitter:description\" content=\"Stylov\u00e9 apartm\u00e1ny k pron\u00e1jmu v centru Prahy. Vhodn\u00e9 pro dovolenou, pracovn\u00ed pobyt i pron\u00e1jem. Kompletn\u00ed vybaven\u00ed, vlastn\u00ed kuchyn\u011b, WIFI, recepce.\" \/>\n\t\t<meta name=\"twitter:image\" content=\"https:\/\/apartments.zeitraum.re\/wp-content\/uploads\/2021\/04\/apartmetns_logo_color.jpg\" \/>\n\t\t<meta name=\"twitter:label1\" content=\"Written by\" \/>\n\t\t<meta name=\"twitter:data1\" content=\"tom\" \/>\n\t\t<meta name=\"twitter:label2\" content=\"Est. reading time\" \/>\n\t\t<meta name=\"twitter:data2\" content=\"6 minutes\" \/>\n\t\t<script type=\"application\/ld+json\" class=\"aioseo-schema\">\n\t\t\t{\"@context\":\"https:\\\/\\\/schema.org\",\"@graph\":[{\"@type\":\"WebSite\",\"@id\":\"https:\\\/\\\/apartments.zeitraum.re\\\/cs\\\/#website\",\"url\":\"https:\\\/\\\/apartments.zeitraum.re\\\/cs\\\/\",\"name\":\"ZEITRAUM Apartments\",\"inLanguage\":\"cs-CZ\",\"publisher\":{\"@id\":\"https:\\\/\\\/apartments.zeitraum.re\\\/cs\\\/#organization\"}},{\"@type\":\"Organization\",\"@id\":\"https:\\\/\\\/apartments.zeitraum.re\\\/cs\\\/#organization\",\"name\":\"ZEITRAUM Apartments\",\"url\":\"https:\\\/\\\/apartments.zeitraum.re\\\/cs\\\/\",\"logo\":{\"@type\":\"ImageObject\",\"@id\":\"https:\\\/\\\/apartments.zeitraum.re\\\/cs\\\/#organizationLogo\",\"url\":\"https:\\\/\\\/apartments.zeitraum.re\\\/wp-content\\\/uploads\\\/2021\\\/04\\\/apartmetns_logo_color.jpg\",\"width\":2416,\"height\":716},\"image\":{\"@id\":\"https:\\\/\\\/apartments.zeitraum.re\\\/cs\\\/#organizationLogo\"},\"sameAs\":[\"https:\\\/\\\/www.facebook.com\\\/ZeitraumApartments\",\"https:\\\/\\\/www.instagram.com\\\/franzbyzeitraum\\\/\"],\"contactPoint\":{\"@type\":\"ContactPoint\",\"telephone\":\"+420603951250\",\"contactType\":\"Customer Support\"}},{\"@type\":\"BreadcrumbList\",\"@id\":\"https:\\\/\\\/apartments.zeitraum.re\\\/cs\\\/domovni-rad\\\/#breadcrumblist\",\"itemListElement\":[{\"@type\":\"ListItem\",\"@id\":\"https:\\\/\\\/apartments.zeitraum.re\\\/cs\\\/#listItem\",\"position\":1,\"item\":{\"@type\":\"WebPage\",\"@id\":\"https:\\\/\\\/apartments.zeitraum.re\\\/cs\\\/\",\"name\":\"Home\",\"description\":\"Stylov\\u00e9 apartm\\u00e1ny k pron\\u00e1jmu v centru Prahy a Plzn\\u011b. Vhodn\\u00e9 pro dovolenou, pracovn\\u00ed pobyt i pron\\u00e1jem. Kompletn\\u00ed vybaven\\u00ed, vlastn\\u00ed kuchyn\\u011b, WIFI, recepce.\",\"url\":\"https:\\\/\\\/apartments.zeitraum.re\\\/cs\\\/\"},\"nextItem\":\"https:\\\/\\\/apartments.zeitraum.re\\\/cs\\\/domovni-rad\\\/#listItem\"},{\"@type\":\"ListItem\",\"@id\":\"https:\\\/\\\/apartments.zeitraum.re\\\/cs\\\/domovni-rad\\\/#listItem\",\"position\":2,\"item\":{\"@type\":\"WebPage\",\"@id\":\"https:\\\/\\\/apartments.zeitraum.re\\\/cs\\\/domovni-rad\\\/\",\"name\":\"Domovn\\u00ed \\u0159\\u00e1d\",\"description\":\"Stylov\\u00e9 apartm\\u00e1ny k pron\\u00e1jmu v centru Prahy. Vhodn\\u00e9 pro dovolenou, pracovn\\u00ed pobyt i pron\\u00e1jem. Kompletn\\u00ed vybaven\\u00ed, vlastn\\u00ed kuchyn\\u011b, WIFI, recepce.\",\"url\":\"https:\\\/\\\/apartments.zeitraum.re\\\/cs\\\/domovni-rad\\\/\"},\"previousItem\":\"https:\\\/\\\/apartments.zeitraum.re\\\/cs\\\/#listItem\"}]},{\"@type\":\"WebPage\",\"@id\":\"https:\\\/\\\/apartments.zeitraum.re\\\/cs\\\/domovni-rad\\\/#webpage\",\"url\":\"https:\\\/\\\/apartments.zeitraum.re\\\/cs\\\/domovni-rad\\\/\",\"name\":\"Zeitraum | Apartm\\u00e1ny k pron\\u00e1jmu Praha 1 | Domovn\\u00ed \\u0159\\u00e1d\",\"description\":\"Stylov\\u00e9 apartm\\u00e1ny k pron\\u00e1jmu v centru Prahy. Vhodn\\u00e9 pro dovolenou, pracovn\\u00ed pobyt i pron\\u00e1jem. Kompletn\\u00ed vybaven\\u00ed, vlastn\\u00ed kuchyn\\u011b, WIFI, recepce.\",\"inLanguage\":\"cs-CZ\",\"isPartOf\":{\"@id\":\"https:\\\/\\\/apartments.zeitraum.re\\\/cs\\\/#website\"},\"breadcrumb\":{\"@id\":\"https:\\\/\\\/apartments.zeitraum.re\\\/cs\\\/domovni-rad\\\/#breadcrumblist\"},\"datePublished\":\"2021-01-08T00:24:07+00:00\",\"dateModified\":\"2022-07-06T11:43:02+00:00\"}]}\n\t\t<\/script>\n\t\t<!-- All in One SEO Pro -->\n\n","aioseo_head_json":{"title":"Zeitraum | Apartm\u00e1ny k pron\u00e1jmu Praha 1 | Domovn\u00ed \u0159\u00e1d","description":"Stylov\u00e9 apartm\u00e1ny k pron\u00e1jmu v centru Prahy. Vhodn\u00e9 pro dovolenou, pracovn\u00ed pobyt i pron\u00e1jem. Kompletn\u00ed vybaven\u00ed, vlastn\u00ed kuchyn\u011b, WIFI, recepce.","canonical_url":"https:\/\/apartments.zeitraum.re\/cs\/domovni-rad\/","robots":"max-image-preview:large","keywords":"","webmasterTools":{"miscellaneous":""},"og:locale":"cs_CZ","og:site_name":"ZEITRAUM Apartments","og:type":"article","og:title":"Zeitraum | Apartm\u00e1ny k pron\u00e1jmu Praha 1 | Domovn\u00ed \u0159\u00e1d","og:description":"Stylov\u00e9 apartm\u00e1ny k pron\u00e1jmu v centru Prahy. Vhodn\u00e9 pro dovolenou, pracovn\u00ed pobyt i pron\u00e1jem. Kompletn\u00ed vybaven\u00ed, vlastn\u00ed kuchyn\u011b, WIFI, recepce.","og:url":"https:\/\/apartments.zeitraum.re\/cs\/domovni-rad\/","og:image":"https:\/\/apartments.zeitraum.re\/wp-content\/uploads\/2021\/04\/apartmetns_logo_color.jpg","og:image:secure_url":"https:\/\/apartments.zeitraum.re\/wp-content\/uploads\/2021\/04\/apartmetns_logo_color.jpg","og:image:width":"2416","og:image:height":"716","article:published_time":"2021-01-08T00:24:07+00:00","article:modified_time":"2022-07-06T11:43:02+00:00","article:publisher":"https:\/\/www.facebook.com\/ZeitraumApartments","twitter:card":"summary_large_image","twitter:title":"Zeitraum | Apartm\u00e1ny k pron\u00e1jmu Praha 1 | Domovn\u00ed \u0159\u00e1d","twitter:description":"Stylov\u00e9 apartm\u00e1ny k pron\u00e1jmu v centru Prahy. Vhodn\u00e9 pro dovolenou, pracovn\u00ed pobyt i pron\u00e1jem. Kompletn\u00ed vybaven\u00ed, vlastn\u00ed kuchyn\u011b, WIFI, recepce.","twitter:image":"https:\/\/apartments.zeitraum.re\/wp-content\/uploads\/2021\/04\/apartmetns_logo_color.jpg","twitter:label1":"Written by","twitter:data1":"tom","twitter:label2":"Est. reading time","twitter:data2":"6 minutes","schema":{"@context":"https:\/\/schema.org","@graph":[{"@type":"WebSite","@id":"https:\/\/apartments.zeitraum.re\/cs\/#website","url":"https:\/\/apartments.zeitraum.re\/cs\/","name":"ZEITRAUM Apartments","inLanguage":"cs-CZ","publisher":{"@id":"https:\/\/apartments.zeitraum.re\/cs\/#organization"}},{"@type":"Organization","@id":"https:\/\/apartments.zeitraum.re\/cs\/#organization","name":"ZEITRAUM Apartments","url":"https:\/\/apartments.zeitraum.re\/cs\/","logo":{"@type":"ImageObject","@id":"https:\/\/apartments.zeitraum.re\/cs\/#organizationLogo","url":"https:\/\/apartments.zeitraum.re\/wp-content\/uploads\/2021\/04\/apartmetns_logo_color.jpg","width":2416,"height":716},"image":{"@id":"https:\/\/apartments.zeitraum.re\/cs\/#organizationLogo"},"sameAs":["https:\/\/www.facebook.com\/ZeitraumApartments","https:\/\/www.instagram.com\/franzbyzeitraum\/"],"contactPoint":{"@type":"ContactPoint","telephone":"+420603951250","contactType":"Customer Support"}},{"@type":"BreadcrumbList","@id":"https:\/\/apartments.zeitraum.re\/cs\/domovni-rad\/#breadcrumblist","itemListElement":[{"@type":"ListItem","@id":"https:\/\/apartments.zeitraum.re\/cs\/#listItem","position":1,"item":{"@type":"WebPage","@id":"https:\/\/apartments.zeitraum.re\/cs\/","name":"Home","description":"Stylov\u00e9 apartm\u00e1ny k pron\u00e1jmu v centru Prahy a Plzn\u011b. Vhodn\u00e9 pro dovolenou, pracovn\u00ed pobyt i pron\u00e1jem. Kompletn\u00ed vybaven\u00ed, vlastn\u00ed kuchyn\u011b, WIFI, recepce.","url":"https:\/\/apartments.zeitraum.re\/cs\/"},"nextItem":"https:\/\/apartments.zeitraum.re\/cs\/domovni-rad\/#listItem"},{"@type":"ListItem","@id":"https:\/\/apartments.zeitraum.re\/cs\/domovni-rad\/#listItem","position":2,"item":{"@type":"WebPage","@id":"https:\/\/apartments.zeitraum.re\/cs\/domovni-rad\/","name":"Domovn\u00ed \u0159\u00e1d","description":"Stylov\u00e9 apartm\u00e1ny k pron\u00e1jmu v centru Prahy. Vhodn\u00e9 pro dovolenou, pracovn\u00ed pobyt i pron\u00e1jem. Kompletn\u00ed vybaven\u00ed, vlastn\u00ed kuchyn\u011b, WIFI, recepce.","url":"https:\/\/apartments.zeitraum.re\/cs\/domovni-rad\/"},"previousItem":"https:\/\/apartments.zeitraum.re\/cs\/#listItem"}]},{"@type":"WebPage","@id":"https:\/\/apartments.zeitraum.re\/cs\/domovni-rad\/#webpage","url":"https:\/\/apartments.zeitraum.re\/cs\/domovni-rad\/","name":"Zeitraum | Apartm\u00e1ny k pron\u00e1jmu Praha 1 | Domovn\u00ed \u0159\u00e1d","description":"Stylov\u00e9 apartm\u00e1ny k pron\u00e1jmu v centru Prahy. Vhodn\u00e9 pro dovolenou, pracovn\u00ed pobyt i pron\u00e1jem. Kompletn\u00ed vybaven\u00ed, vlastn\u00ed kuchyn\u011b, WIFI, recepce.","inLanguage":"cs-CZ","isPartOf":{"@id":"https:\/\/apartments.zeitraum.re\/cs\/#website"},"breadcrumb":{"@id":"https:\/\/apartments.zeitraum.re\/cs\/domovni-rad\/#breadcrumblist"},"datePublished":"2021-01-08T00:24:07+00:00","dateModified":"2022-07-06T11:43:02+00:00"}]}},"aioseo_meta_data":{"post_id":"9428","title":"Zeitraum #separator_sa Apartm\u00e1ny k pron\u00e1jmu Praha 1 #separator_sa #post_title","description":"Stylov\u00e9 apartm\u00e1ny k pron\u00e1jmu v centru Prahy. Vhodn\u00e9 pro dovolenou, pracovn\u00ed pobyt i pron\u00e1jem. Kompletn\u00ed vybaven\u00ed, vlastn\u00ed kuchyn\u011b, WIFI, recepce.","keywords":"[]","canonical_url":null,"og_title":null,"og_description":null,"og_object_type":"default","og_image_type":"content","og_image_url":"https:\/\/apartments.zeitraum.re\/wp-content\/uploads\/2021\/04\/apartmetns_logo_color.jpg","og_image_width":"2416","og_image_height":"716","og_image_custom_url":null,"og_image_custom_fields":null,"og_video":"","og_custom_url":null,"og_article_section":null,"og_article_tags":"[]","twitter_use_og":true,"twitter_card":"default","twitter_image_type":"default","twitter_image_url":null,"twitter_image_custom_url":null,"twitter_image_custom_fields":null,"twitter_title":null,"twitter_description":null,"schema_type":"default","schema_type_options":"{\"article\":{\"articleType\":\"BlogPosting\"},\"course\":{\"name\":\"\",\"description\":\"\",\"provider\":\"\"},\"faq\":{\"pages\":[]},\"product\":{\"reviews\":[]},\"recipe\":{\"ingredients\":[],\"instructions\":[],\"keywords\":[]},\"software\":{\"reviews\":[],\"operatingSystems\":[]},\"webPage\":{\"webPageType\":\"WebPage\"}}","pillar_content":false,"robots_default":true,"robots_noindex":false,"robots_noarchive":false,"robots_nosnippet":false,"robots_nofollow":false,"robots_noimageindex":false,"robots_noodp":false,"robots_notranslate":false,"robots_max_snippet":"-1","robots_max_videopreview":"-1","robots_max_imagepreview":"large","priority":"default","frequency":"default","local_seo":null,"limit_modified_date":false,"created":"2022-06-28 14:12:25","updated":"2022-07-06 11:44:48"},"_links":{"self":[{"href":"https:\/\/apartments.zeitraum.re\/cs\/wp-json\/wp\/v2\/pages\/9428"}],"collection":[{"href":"https:\/\/apartments.zeitraum.re\/cs\/wp-json\/wp\/v2\/pages"}],"about":[{"href":"https:\/\/apartments.zeitraum.re\/cs\/wp-json\/wp\/v2\/types\/page"}],"author":[{"embeddable":true,"href":"https:\/\/apartments.zeitraum.re\/cs\/wp-json\/wp\/v2\/users\/6"}],"replies":[{"embeddable":true,"href":"https:\/\/apartments.zeitraum.re\/cs\/wp-json\/wp\/v2\/comments?post=9428"}],"version-history":[{"count":1,"href":"https:\/\/apartments.zeitraum.re\/cs\/wp-json\/wp\/v2\/pages\/9428\/revisions"}],"predecessor-version":[{"id":9429,"href":"https:\/\/apartments.zeitraum.re\/cs\/wp-json\/wp\/v2\/pages\/9428\/revisions\/9429"}],"wp:attachment":[{"href":"https:\/\/apartments.zeitraum.re\/cs\/wp-json\/wp\/v2\/media?parent=9428"}],"curies":[{"name":"wp","href":"https:\/\/api.w.org\/{rel}","templated":true}]}}